{"id":10022,"date":"2026-04-07T15:10:34","date_gmt":"2026-04-07T19:10:34","guid":{"rendered":"https:\/\/piicomm.ca\/warehouse-distribution\/"},"modified":"2026-04-07T15:59:36","modified_gmt":"2026-04-07T19:59:36","slug":"entreposage-et-distribution","status":"publish","type":"page","link":"https:\/\/piicomm.ca\/fr\/industries\/entreposage-et-distribution\/","title":{"rendered":"Entreposage et distribution"},"content":{"rendered":"","protected":false},"excerpt":{"rendered":"","protected":false},"author":3,"featured_media":0,"parent":7659,"menu_order":0,"comment_status":"closed","ping_status":"closed","template":"page_custom.php","meta":{"_acf_changed":false,"footnotes":""},"class_list":["post-10022","page","type-page","status-publish","hentry"],"acf":[],"yoast_head":"<!-- This site is optimized with the Yoast SEO plugin v27.3 - https:\/\/yoast.com\/product\/yoast-seo-wordpress\/ -->\n<title>Gestion des appareils mobiles et solutions RFID pour l&#039;entreposage et la distribution | PiiComm<\/title>\n<meta name=\"description\" content=\"PiiComm offre des solutions de mobilit\u00e9 g\u00e9r\u00e9es pour l&#039;entreposage et la distribution, incluant des appareils ultra-robustes, la gestion du cycle de vie et l&#039;int\u00e9gration WMS.\" \/>\n<meta name=\"robots\" content=\"index, follow, max-snippet:-1, max-image-preview:large, max-video-preview:-1\" \/>\n<link rel=\"canonical\" href=\"https:\/\/piicomm.ca\/fr\/industries\/entreposage-et-distribution\/\" \/>\n<meta property=\"og:locale\" content=\"fr_FR\" \/>\n<meta property=\"og:type\" content=\"article\" \/>\n<meta property=\"og:title\" content=\"Gestion des appareils mobiles et solutions RFID pour l&#039;entreposage et la distribution | PiiComm\" \/>\n<meta property=\"og:description\" content=\"PiiComm offre des solutions de mobilit\u00e9 g\u00e9r\u00e9es pour l&#039;entreposage et la distribution, incluant des appareils ultra-robustes, la gestion du cycle de vie et l&#039;int\u00e9gration WMS.\" \/>\n<meta property=\"og:url\" content=\"https:\/\/piicomm.ca\/fr\/industries\/entreposage-et-distribution\/\" \/>\n<meta property=\"og:site_name\" content=\"PiiComm\" \/>\n<meta property=\"article:modified_time\" content=\"2026-04-07T19:59:36+00:00\" \/>\n<meta name=\"twitter:card\" content=\"summary_large_image\" \/>\n<!-- \/ Yoast SEO plugin. -->","yoast_head_json":{"title":"Gestion des appareils mobiles et solutions RFID pour l'entreposage et la distribution | PiiComm","description":"PiiComm offre des solutions de mobilit\u00e9 g\u00e9r\u00e9es pour l'entreposage et la distribution, incluant des appareils ultra-robustes, la gestion du cycle de vie et l'int\u00e9gration WMS.","robots":{"index":"index","follow":"follow","max-snippet":"max-snippet:-1","max-image-preview":"max-image-preview:large","max-video-preview":"max-video-preview:-1"},"canonical":"https:\/\/piicomm.ca\/fr\/industries\/entreposage-et-distribution\/","og_locale":"fr_FR","og_type":"article","og_title":"Gestion des appareils mobiles et solutions RFID pour l'entreposage et la distribution | PiiComm","og_description":"PiiComm offre des solutions de mobilit\u00e9 g\u00e9r\u00e9es pour l'entreposage et la distribution, incluant des appareils ultra-robustes, la gestion du cycle de vie et l'int\u00e9gration WMS.","og_url":"https:\/\/piicomm.ca\/fr\/industries\/entreposage-et-distribution\/","og_site_name":"PiiComm","article_modified_time":"2026-04-07T19:59:36+00:00","twitter_card":"summary_large_image","schema":{"@context":"https:\/\/schema.org","@graph":[{"@type":"WebPage","@id":"https:\/\/piicomm.ca\/fr\/industries\/entreposage-et-distribution\/","url":"https:\/\/piicomm.ca\/fr\/industries\/entreposage-et-distribution\/","name":"Gestion des appareils mobiles et solutions RFID pour l'entreposage et la distribution | PiiComm","isPartOf":{"@id":"https:\/\/piicomm.ca\/fr\/#website"},"datePublished":"2026-04-07T19:10:34+00:00","dateModified":"2026-04-07T19:59:36+00:00","description":"PiiComm offre des solutions de mobilit\u00e9 g\u00e9r\u00e9es pour l'entreposage et la distribution, incluant des appareils ultra-robustes, la gestion du cycle de vie et l'int\u00e9gration WMS.","breadcrumb":{"@id":"https:\/\/piicomm.ca\/fr\/industries\/entreposage-et-distribution\/#breadcrumb"},"inLanguage":"fr-FR","potentialAction":[{"@type":"ReadAction","target":["https:\/\/piicomm.ca\/fr\/industries\/entreposage-et-distribution\/"]}]},{"@type":"BreadcrumbList","@id":"https:\/\/piicomm.ca\/fr\/industries\/entreposage-et-distribution\/#breadcrumb","itemListElement":[{"@type":"ListItem","position":1,"name":"Home","item":"https:\/\/piicomm.ca\/fr\/"},{"@type":"ListItem","position":2,"name":"Industries","item":"https:\/\/piicomm.ca\/fr\/industries\/"},{"@type":"ListItem","position":3,"name":"Entreposage et distribution"}]},{"@type":"WebSite","@id":"https:\/\/piicomm.ca\/fr\/#website","url":"https:\/\/piicomm.ca\/fr\/","name":"PiiComm","description":"","potentialAction":[{"@type":"SearchAction","target":{"@type":"EntryPoint","urlTemplate":"https:\/\/piicomm.ca\/fr\/?s={search_term_string}"},"query-input":{"@type":"PropertyValueSpecification","valueRequired":true,"valueName":"search_term_string"}}],"inLanguage":"fr-FR"}]}},"_links":{"self":[{"href":"https:\/\/piicomm.ca\/fr\/wp-json\/wp\/v2\/pages\/10022","targetHints":{"allow":["GET"]}}],"collection":[{"href":"https:\/\/piicomm.ca\/fr\/wp-json\/wp\/v2\/pages"}],"about":[{"href":"https:\/\/piicomm.ca\/fr\/wp-json\/wp\/v2\/types\/page"}],"author":[{"embeddable":true,"href":"https:\/\/piicomm.ca\/fr\/wp-json\/wp\/v2\/users\/3"}],"replies":[{"embeddable":true,"href":"https:\/\/piicomm.ca\/fr\/wp-json\/wp\/v2\/comments?post=10022"}],"version-history":[{"count":8,"href":"https:\/\/piicomm.ca\/fr\/wp-json\/wp\/v2\/pages\/10022\/revisions"}],"predecessor-version":[{"id":10041,"href":"https:\/\/piicomm.ca\/fr\/wp-json\/wp\/v2\/pages\/10022\/revisions\/10041"}],"up":[{"embeddable":true,"href":"https:\/\/piicomm.ca\/fr\/wp-json\/wp\/v2\/pages\/7659"}],"wp:attachment":[{"href":"https:\/\/piicomm.ca\/fr\/wp-json\/wp\/v2\/media?parent=10022"}],"curies":[{"name":"wp","href":"https:\/\/api.w.org\/{rel}","templated":true}]}}