{"id":7656,"date":"2024-04-08T10:14:43","date_gmt":"2024-04-08T14:14:43","guid":{"rendered":"https:\/\/piicomm.ca\/?page_id=7656"},"modified":"2026-04-07T13:42:16","modified_gmt":"2026-04-07T17:42:16","slug":"appareil-en-tant-que-service","status":"publish","type":"page","link":"https:\/\/piicomm.ca\/fr\/solutions\/appareil-en-tant-que-service\/","title":{"rendered":"Appareil en tant que service"},"content":{"rendered":"","protected":false},"excerpt":{"rendered":"","protected":false},"author":2,"featured_media":0,"parent":7638,"menu_order":0,"comment_status":"closed","ping_status":"closed","template":"page_custom.php","meta":{"_acf_changed":false,"footnotes":""},"class_list":["post-7656","page","type-page","status-publish","hentry"],"acf":[],"yoast_head":"<!-- This site is optimized with the Yoast SEO plugin v27.3 - https:\/\/yoast.com\/product\/yoast-seo-wordpress\/ -->\n<title>Appareil en tant que service (DaaS) : Mat\u00e9riel, Logiciels et Services | PiiComm<\/title>\n<meta name=\"description\" content=\"Le service Appareils en tant que service (DaaS) regroupe le mat\u00e9riel, les logiciels et le soutien informatique en un seul co\u00fbt mensuel fixe.\" \/>\n<meta name=\"robots\" content=\"index, follow, max-snippet:-1, max-image-preview:large, max-video-preview:-1\" \/>\n<link rel=\"canonical\" href=\"https:\/\/piicomm.ca\/fr\/solutions\/appareil-en-tant-que-service\/\" \/>\n<meta property=\"og:locale\" content=\"fr_FR\" \/>\n<meta property=\"og:type\" content=\"article\" \/>\n<meta property=\"og:title\" content=\"Appareil en tant que service (DaaS) : Mat\u00e9riel, Logiciels et Services | PiiComm\" \/>\n<meta property=\"og:description\" content=\"Le service Appareils en tant que service (DaaS) regroupe le mat\u00e9riel, les logiciels et le soutien informatique en un seul co\u00fbt mensuel fixe.\" \/>\n<meta property=\"og:url\" content=\"https:\/\/piicomm.ca\/fr\/solutions\/appareil-en-tant-que-service\/\" \/>\n<meta property=\"og:site_name\" content=\"PiiComm\" \/>\n<meta property=\"article:modified_time\" content=\"2026-04-07T17:42:16+00:00\" \/>\n<meta name=\"twitter:card\" content=\"summary_large_image\" \/>\n<!-- \/ Yoast SEO plugin. -->","yoast_head_json":{"title":"Appareil en tant que service (DaaS) : Mat\u00e9riel, Logiciels et Services | PiiComm","description":"Le service Appareils en tant que service (DaaS) regroupe le mat\u00e9riel, les logiciels et le soutien informatique en un seul co\u00fbt mensuel fixe.","robots":{"index":"index","follow":"follow","max-snippet":"max-snippet:-1","max-image-preview":"max-image-preview:large","max-video-preview":"max-video-preview:-1"},"canonical":"https:\/\/piicomm.ca\/fr\/solutions\/appareil-en-tant-que-service\/","og_locale":"fr_FR","og_type":"article","og_title":"Appareil en tant que service (DaaS) : Mat\u00e9riel, Logiciels et Services | PiiComm","og_description":"Le service Appareils en tant que service (DaaS) regroupe le mat\u00e9riel, les logiciels et le soutien informatique en un seul co\u00fbt mensuel fixe.","og_url":"https:\/\/piicomm.ca\/fr\/solutions\/appareil-en-tant-que-service\/","og_site_name":"PiiComm","article_modified_time":"2026-04-07T17:42:16+00:00","twitter_card":"summary_large_image","schema":{"@context":"https:\/\/schema.org","@graph":[{"@type":"WebPage","@id":"https:\/\/piicomm.ca\/fr\/solutions\/appareil-en-tant-que-service\/","url":"https:\/\/piicomm.ca\/fr\/solutions\/appareil-en-tant-que-service\/","name":"Appareil en tant que service (DaaS) : Mat\u00e9riel, Logiciels et Services | PiiComm","isPartOf":{"@id":"https:\/\/piicomm.ca\/fr\/#website"},"datePublished":"2024-04-08T14:14:43+00:00","dateModified":"2026-04-07T17:42:16+00:00","description":"Le service Appareils en tant que service (DaaS) regroupe le mat\u00e9riel, les logiciels et le soutien informatique en un seul co\u00fbt mensuel fixe.","breadcrumb":{"@id":"https:\/\/piicomm.ca\/fr\/solutions\/appareil-en-tant-que-service\/#breadcrumb"},"inLanguage":"fr-FR","potentialAction":[{"@type":"ReadAction","target":["https:\/\/piicomm.ca\/fr\/solutions\/appareil-en-tant-que-service\/"]}]},{"@type":"BreadcrumbList","@id":"https:\/\/piicomm.ca\/fr\/solutions\/appareil-en-tant-que-service\/#breadcrumb","itemListElement":[{"@type":"ListItem","position":1,"name":"Home","item":"https:\/\/piicomm.ca\/fr\/"},{"@type":"ListItem","position":2,"name":"Solutions","item":"https:\/\/piicomm.ca\/fr\/solutions\/"},{"@type":"ListItem","position":3,"name":"Appareil en tant que service"}]},{"@type":"WebSite","@id":"https:\/\/piicomm.ca\/fr\/#website","url":"https:\/\/piicomm.ca\/fr\/","name":"PiiComm","description":"","potentialAction":[{"@type":"SearchAction","target":{"@type":"EntryPoint","urlTemplate":"https:\/\/piicomm.ca\/fr\/?s={search_term_string}"},"query-input":{"@type":"PropertyValueSpecification","valueRequired":true,"valueName":"search_term_string"}}],"inLanguage":"fr-FR"}]}},"_links":{"self":[{"href":"https:\/\/piicomm.ca\/fr\/wp-json\/wp\/v2\/pages\/7656","targetHints":{"allow":["GET"]}}],"collection":[{"href":"https:\/\/piicomm.ca\/fr\/wp-json\/wp\/v2\/pages"}],"about":[{"href":"https:\/\/piicomm.ca\/fr\/wp-json\/wp\/v2\/types\/page"}],"author":[{"embeddable":true,"href":"https:\/\/piicomm.ca\/fr\/wp-json\/wp\/v2\/users\/2"}],"replies":[{"embeddable":true,"href":"https:\/\/piicomm.ca\/fr\/wp-json\/wp\/v2\/comments?post=7656"}],"version-history":[{"count":9,"href":"https:\/\/piicomm.ca\/fr\/wp-json\/wp\/v2\/pages\/7656\/revisions"}],"predecessor-version":[{"id":10018,"href":"https:\/\/piicomm.ca\/fr\/wp-json\/wp\/v2\/pages\/7656\/revisions\/10018"}],"up":[{"embeddable":true,"href":"https:\/\/piicomm.ca\/fr\/wp-json\/wp\/v2\/pages\/7638"}],"wp:attachment":[{"href":"https:\/\/piicomm.ca\/fr\/wp-json\/wp\/v2\/media?parent=7656"}],"curies":[{"name":"wp","href":"https:\/\/api.w.org\/{rel}","templated":true}]}}