{"id":7661,"date":"2023-05-03T16:02:24","date_gmt":"2023-05-03T20:02:24","guid":{"rendered":"https:\/\/piicomm.ca\/?page_id=7661"},"modified":"2026-04-07T12:50:27","modified_gmt":"2026-04-07T16:50:27","slug":"transport-et-logistique","status":"publish","type":"page","link":"https:\/\/piicomm.ca\/fr\/industries\/transport-et-logistique\/","title":{"rendered":"Transport et logistique"},"content":{"rendered":"","protected":false},"excerpt":{"rendered":"","protected":false},"author":2,"featured_media":0,"parent":7659,"menu_order":0,"comment_status":"closed","ping_status":"closed","template":"page_custom.php","meta":{"_acf_changed":false,"footnotes":""},"class_list":["post-7661","page","type-page","status-publish","hentry"],"acf":[],"yoast_head":"<!-- This site is optimized with the Yoast SEO plugin v27.3 - https:\/\/yoast.com\/product\/yoast-seo-wordpress\/ -->\n<title>Solutions de mobilit\u00e9 pour le transport et la logistique | PiiComm<\/title>\n<meta name=\"description\" content=\"Les services de mobilit\u00e9 pour le transport et la logistique de PiiComm simplifient vos op\u00e9rations gr\u00e2ce \u00e0 une visibilit\u00e9 en temps r\u00e9el, un suivi RFID et une confirmation de livraison automatis\u00e9e.\" \/>\n<meta name=\"robots\" content=\"index, follow, max-snippet:-1, max-image-preview:large, max-video-preview:-1\" \/>\n<link rel=\"canonical\" href=\"https:\/\/piicomm.ca\/fr\/industries\/transport-et-logistique\/\" \/>\n<meta property=\"og:locale\" content=\"fr_FR\" \/>\n<meta property=\"og:type\" content=\"article\" \/>\n<meta property=\"og:title\" content=\"Solutions de mobilit\u00e9 pour le transport et la logistique | PiiComm\" \/>\n<meta property=\"og:description\" content=\"Les services de mobilit\u00e9 pour le transport et la logistique de PiiComm simplifient vos op\u00e9rations gr\u00e2ce \u00e0 une visibilit\u00e9 en temps r\u00e9el, un suivi RFID et une confirmation de livraison automatis\u00e9e.\" \/>\n<meta property=\"og:url\" content=\"https:\/\/piicomm.ca\/fr\/industries\/transport-et-logistique\/\" \/>\n<meta property=\"og:site_name\" content=\"PiiComm\" \/>\n<meta property=\"article:modified_time\" content=\"2026-04-07T16:50:27+00:00\" \/>\n<meta name=\"twitter:card\" content=\"summary_large_image\" \/>\n<!-- \/ Yoast SEO plugin. -->","yoast_head_json":{"title":"Solutions de mobilit\u00e9 pour le transport et la logistique | PiiComm","description":"Les services de mobilit\u00e9 pour le transport et la logistique de PiiComm simplifient vos op\u00e9rations gr\u00e2ce \u00e0 une visibilit\u00e9 en temps r\u00e9el, un suivi RFID et une confirmation de livraison automatis\u00e9e.","robots":{"index":"index","follow":"follow","max-snippet":"max-snippet:-1","max-image-preview":"max-image-preview:large","max-video-preview":"max-video-preview:-1"},"canonical":"https:\/\/piicomm.ca\/fr\/industries\/transport-et-logistique\/","og_locale":"fr_FR","og_type":"article","og_title":"Solutions de mobilit\u00e9 pour le transport et la logistique | PiiComm","og_description":"Les services de mobilit\u00e9 pour le transport et la logistique de PiiComm simplifient vos op\u00e9rations gr\u00e2ce \u00e0 une visibilit\u00e9 en temps r\u00e9el, un suivi RFID et une confirmation de livraison automatis\u00e9e.","og_url":"https:\/\/piicomm.ca\/fr\/industries\/transport-et-logistique\/","og_site_name":"PiiComm","article_modified_time":"2026-04-07T16:50:27+00:00","twitter_card":"summary_large_image","schema":{"@context":"https:\/\/schema.org","@graph":[{"@type":"WebPage","@id":"https:\/\/piicomm.ca\/fr\/industries\/transport-et-logistique\/","url":"https:\/\/piicomm.ca\/fr\/industries\/transport-et-logistique\/","name":"Solutions de mobilit\u00e9 pour le transport et la logistique | PiiComm","isPartOf":{"@id":"https:\/\/piicomm.ca\/fr\/#website"},"datePublished":"2023-05-03T20:02:24+00:00","dateModified":"2026-04-07T16:50:27+00:00","description":"Les services de mobilit\u00e9 pour le transport et la logistique de PiiComm simplifient vos op\u00e9rations gr\u00e2ce \u00e0 une visibilit\u00e9 en temps r\u00e9el, un suivi RFID et une confirmation de livraison automatis\u00e9e.","breadcrumb":{"@id":"https:\/\/piicomm.ca\/fr\/industries\/transport-et-logistique\/#breadcrumb"},"inLanguage":"fr-FR","potentialAction":[{"@type":"ReadAction","target":["https:\/\/piicomm.ca\/fr\/industries\/transport-et-logistique\/"]}]},{"@type":"BreadcrumbList","@id":"https:\/\/piicomm.ca\/fr\/industries\/transport-et-logistique\/#breadcrumb","itemListElement":[{"@type":"ListItem","position":1,"name":"Home","item":"https:\/\/piicomm.ca\/fr\/"},{"@type":"ListItem","position":2,"name":"Industries","item":"https:\/\/piicomm.ca\/fr\/industries\/"},{"@type":"ListItem","position":3,"name":"Transport et logistique"}]},{"@type":"WebSite","@id":"https:\/\/piicomm.ca\/fr\/#website","url":"https:\/\/piicomm.ca\/fr\/","name":"PiiComm","description":"","potentialAction":[{"@type":"SearchAction","target":{"@type":"EntryPoint","urlTemplate":"https:\/\/piicomm.ca\/fr\/?s={search_term_string}"},"query-input":{"@type":"PropertyValueSpecification","valueRequired":true,"valueName":"search_term_string"}}],"inLanguage":"fr-FR"}]}},"_links":{"self":[{"href":"https:\/\/piicomm.ca\/fr\/wp-json\/wp\/v2\/pages\/7661","targetHints":{"allow":["GET"]}}],"collection":[{"href":"https:\/\/piicomm.ca\/fr\/wp-json\/wp\/v2\/pages"}],"about":[{"href":"https:\/\/piicomm.ca\/fr\/wp-json\/wp\/v2\/types\/page"}],"author":[{"embeddable":true,"href":"https:\/\/piicomm.ca\/fr\/wp-json\/wp\/v2\/users\/2"}],"replies":[{"embeddable":true,"href":"https:\/\/piicomm.ca\/fr\/wp-json\/wp\/v2\/comments?post=7661"}],"version-history":[{"count":5,"href":"https:\/\/piicomm.ca\/fr\/wp-json\/wp\/v2\/pages\/7661\/revisions"}],"predecessor-version":[{"id":8076,"href":"https:\/\/piicomm.ca\/fr\/wp-json\/wp\/v2\/pages\/7661\/revisions\/8076"}],"up":[{"embeddable":true,"href":"https:\/\/piicomm.ca\/fr\/wp-json\/wp\/v2\/pages\/7659"}],"wp:attachment":[{"href":"https:\/\/piicomm.ca\/fr\/wp-json\/wp\/v2\/media?parent=7661"}],"curies":[{"name":"wp","href":"https:\/\/api.w.org\/{rel}","templated":true}]}}