{"id":9409,"date":"2025-11-14T13:24:05","date_gmt":"2025-11-14T18:24:05","guid":{"rendered":"https:\/\/piicomm.ca\/?page_id=9409"},"modified":"2026-01-22T10:20:08","modified_gmt":"2026-01-22T15:20:08","slug":"honeywell","status":"publish","type":"page","link":"https:\/\/piicomm.ca\/fr\/partenaires\/honeywell\/","title":{"rendered":"Un partenaire de solutions Platine pour Honeywell Canada"},"content":{"rendered":"","protected":false},"excerpt":{"rendered":"","protected":false},"author":3,"featured_media":0,"parent":7674,"menu_order":0,"comment_status":"closed","ping_status":"closed","template":"page_partner.php","meta":{"_acf_changed":false,"footnotes":""},"class_list":["post-9409","page","type-page","status-publish","hentry"],"acf":[],"yoast_head":"<!-- This site is optimized with the Yoast SEO plugin v27.3 - https:\/\/yoast.com\/product\/yoast-seo-wordpress\/ -->\n<title>Partenaire Platinum de Honeywell Canada - PiiComm<\/title>\n<meta name=\"description\" content=\"PiiComm est le partenaire Platinum Solutions de Honeywell Canada, offrant des ordinateurs mobiles robustes, des lecteurs de codes-barres, des imprimantes et une gestion compl\u00e8te du cycle de vie des appareils. Soutenez vos activit\u00e9s en logistique, en sant\u00e9, en commerce de d\u00e9tail, en fabrication et en services terrain gr\u00e2ce \u00e0 des solutions de mobilit\u00e9 fiables, une expertise MDM et une gestion de parc d\u2019appareils de bout en bout partout au Canada.\" \/>\n<meta name=\"robots\" content=\"index, follow, max-snippet:-1, max-image-preview:large, max-video-preview:-1\" \/>\n<link rel=\"canonical\" href=\"https:\/\/piicomm.ca\/fr\/partenaires\/honeywell\/\" \/>\n<meta property=\"og:locale\" content=\"fr_FR\" \/>\n<meta property=\"og:type\" content=\"article\" \/>\n<meta property=\"og:title\" content=\"Partenaire Platinum de Honeywell Canada - PiiComm\" \/>\n<meta property=\"og:description\" content=\"PiiComm est le partenaire Platinum Solutions de Honeywell Canada, offrant des ordinateurs mobiles robustes, des lecteurs de codes-barres, des imprimantes et une gestion compl\u00e8te du cycle de vie des appareils. Soutenez vos activit\u00e9s en logistique, en sant\u00e9, en commerce de d\u00e9tail, en fabrication et en services terrain gr\u00e2ce \u00e0 des solutions de mobilit\u00e9 fiables, une expertise MDM et une gestion de parc d\u2019appareils de bout en bout partout au Canada.\" \/>\n<meta property=\"og:url\" content=\"https:\/\/piicomm.ca\/fr\/partenaires\/honeywell\/\" \/>\n<meta property=\"og:site_name\" content=\"PiiComm\" \/>\n<meta property=\"article:modified_time\" content=\"2026-01-22T15:20:08+00:00\" \/>\n<meta name=\"twitter:card\" content=\"summary_large_image\" \/>\n<!-- \/ Yoast SEO plugin. -->","yoast_head_json":{"title":"Partenaire Platinum de Honeywell Canada - PiiComm","description":"PiiComm est le partenaire Platinum Solutions de Honeywell Canada, offrant des ordinateurs mobiles robustes, des lecteurs de codes-barres, des imprimantes et une gestion compl\u00e8te du cycle de vie des appareils. Soutenez vos activit\u00e9s en logistique, en sant\u00e9, en commerce de d\u00e9tail, en fabrication et en services terrain gr\u00e2ce \u00e0 des solutions de mobilit\u00e9 fiables, une expertise MDM et une gestion de parc d\u2019appareils de bout en bout partout au Canada.","robots":{"index":"index","follow":"follow","max-snippet":"max-snippet:-1","max-image-preview":"max-image-preview:large","max-video-preview":"max-video-preview:-1"},"canonical":"https:\/\/piicomm.ca\/fr\/partenaires\/honeywell\/","og_locale":"fr_FR","og_type":"article","og_title":"Partenaire Platinum de Honeywell Canada - PiiComm","og_description":"PiiComm est le partenaire Platinum Solutions de Honeywell Canada, offrant des ordinateurs mobiles robustes, des lecteurs de codes-barres, des imprimantes et une gestion compl\u00e8te du cycle de vie des appareils. Soutenez vos activit\u00e9s en logistique, en sant\u00e9, en commerce de d\u00e9tail, en fabrication et en services terrain gr\u00e2ce \u00e0 des solutions de mobilit\u00e9 fiables, une expertise MDM et une gestion de parc d\u2019appareils de bout en bout partout au Canada.","og_url":"https:\/\/piicomm.ca\/fr\/partenaires\/honeywell\/","og_site_name":"PiiComm","article_modified_time":"2026-01-22T15:20:08+00:00","twitter_card":"summary_large_image","schema":{"@context":"https:\/\/schema.org","@graph":[{"@type":"WebPage","@id":"https:\/\/piicomm.ca\/fr\/partenaires\/honeywell\/","url":"https:\/\/piicomm.ca\/fr\/partenaires\/honeywell\/","name":"Partenaire Platinum de Honeywell Canada - PiiComm","isPartOf":{"@id":"https:\/\/piicomm.ca\/fr\/#website"},"datePublished":"2025-11-14T18:24:05+00:00","dateModified":"2026-01-22T15:20:08+00:00","description":"PiiComm est le partenaire Platinum Solutions de Honeywell Canada, offrant des ordinateurs mobiles robustes, des lecteurs de codes-barres, des imprimantes et une gestion compl\u00e8te du cycle de vie des appareils. Soutenez vos activit\u00e9s en logistique, en sant\u00e9, en commerce de d\u00e9tail, en fabrication et en services terrain gr\u00e2ce \u00e0 des solutions de mobilit\u00e9 fiables, une expertise MDM et une gestion de parc d\u2019appareils de bout en bout partout au Canada.","breadcrumb":{"@id":"https:\/\/piicomm.ca\/fr\/partenaires\/honeywell\/#breadcrumb"},"inLanguage":"fr-FR","potentialAction":[{"@type":"ReadAction","target":["https:\/\/piicomm.ca\/fr\/partenaires\/honeywell\/"]}]},{"@type":"BreadcrumbList","@id":"https:\/\/piicomm.ca\/fr\/partenaires\/honeywell\/#breadcrumb","itemListElement":[{"@type":"ListItem","position":1,"name":"Home","item":"https:\/\/piicomm.ca\/fr\/"},{"@type":"ListItem","position":2,"name":"Partenaires","item":"https:\/\/piicomm.ca\/fr\/partenaires\/"},{"@type":"ListItem","position":3,"name":"Un partenaire de solutions Platine pour Honeywell Canada"}]},{"@type":"WebSite","@id":"https:\/\/piicomm.ca\/fr\/#website","url":"https:\/\/piicomm.ca\/fr\/","name":"PiiComm","description":"","potentialAction":[{"@type":"SearchAction","target":{"@type":"EntryPoint","urlTemplate":"https:\/\/piicomm.ca\/fr\/?s={search_term_string}"},"query-input":{"@type":"PropertyValueSpecification","valueRequired":true,"valueName":"search_term_string"}}],"inLanguage":"fr-FR"}]}},"_links":{"self":[{"href":"https:\/\/piicomm.ca\/fr\/wp-json\/wp\/v2\/pages\/9409","targetHints":{"allow":["GET"]}}],"collection":[{"href":"https:\/\/piicomm.ca\/fr\/wp-json\/wp\/v2\/pages"}],"about":[{"href":"https:\/\/piicomm.ca\/fr\/wp-json\/wp\/v2\/types\/page"}],"author":[{"embeddable":true,"href":"https:\/\/piicomm.ca\/fr\/wp-json\/wp\/v2\/users\/3"}],"replies":[{"embeddable":true,"href":"https:\/\/piicomm.ca\/fr\/wp-json\/wp\/v2\/comments?post=9409"}],"version-history":[{"count":4,"href":"https:\/\/piicomm.ca\/fr\/wp-json\/wp\/v2\/pages\/9409\/revisions"}],"predecessor-version":[{"id":9416,"href":"https:\/\/piicomm.ca\/fr\/wp-json\/wp\/v2\/pages\/9409\/revisions\/9416"}],"up":[{"embeddable":true,"href":"https:\/\/piicomm.ca\/fr\/wp-json\/wp\/v2\/pages\/7674"}],"wp:attachment":[{"href":"https:\/\/piicomm.ca\/fr\/wp-json\/wp\/v2\/media?parent=9409"}],"curies":[{"name":"wp","href":"https:\/\/api.w.org\/{rel}","templated":true}]}}